{"id":54518638,"date":"2023-03-20T09:20:26","date_gmt":"2023-03-20T09:20:26","guid":{"rendered":"https:\/\/eminy.online\/?page_id=54518638"},"modified":"2024-03-24T22:17:10","modified_gmt":"2024-03-24T22:17:10","slug":"vertragskuendigung","status":"publish","type":"page","link":"https:\/\/eminy.online\/en\/vertragskuendigung\/","title":{"rendered":"VERTRAGSK\u00dcNDIGUNG"},"content":{"rendered":"\t\t<div data-elementor-type=\"wp-page\" data-elementor-id=\"54518638\" class=\"elementor elementor-54518638\">\n\t\t\t\t\t\t\t<div class=\"elementor-element elementor-element-a2f2fea e-con-boxed e-flex e-con\" data-id=\"a2f2fea\" data-element_type=\"container\" data-settings=\"{&quot;content_width&quot;:&quot;boxed&quot;}\">\n\t\t\t\t\t<div class=\"e-con-inner\">\n\t\t\t\t<div class=\"elementor-element elementor-element-618f715 elementor-widget elementor-widget-heading\" data-id=\"618f715\" data-element_type=\"widget\" data-widget_type=\"heading.default\">\n\t\t\t\t<div class=\"elementor-widget-container\">\n\t\t\t<style>\/*! elementor - v3.13.2 - 11-05-2023 *\/\n.elementor-heading-title{padding:0;margin:0;line-height:1}.elementor-widget-heading .elementor-heading-title[class*=elementor-size-]>a{color:inherit;font-size:inherit;line-height:inherit}.elementor-widget-heading .elementor-heading-title.elementor-size-small{font-size:15px}.elementor-widget-heading .elementor-heading-title.elementor-size-medium{font-size:19px}.elementor-widget-heading .elementor-heading-title.elementor-size-large{font-size:29px}.elementor-widget-heading .elementor-heading-title.elementor-size-xl{font-size:39px}.elementor-widget-heading .elementor-heading-title.elementor-size-xxl{font-size:59px}<\/style><h2 class=\"elementor-heading-title elementor-size-default\">VERTRAGSK\u00dcNDIGUNG<\/h2>\t\t<\/div>\n\t\t\t\t<\/div>\n\t\t\t\t<div class=\"elementor-element elementor-element-c157eca elementor-widget elementor-widget-text-editor\" data-id=\"c157eca\" data-element_type=\"widget\" data-widget_type=\"text-editor.default\">\n\t\t\t\t<div class=\"elementor-widget-container\">\n\t\t\t<style>\/*! elementor - v3.13.2 - 11-05-2023 *\/\n.elementor-widget-text-editor.elementor-drop-cap-view-stacked .elementor-drop-cap{background-color:#69727d;color:#fff}.elementor-widget-text-editor.elementor-drop-cap-view-framed .elementor-drop-cap{color:#69727d;border:3px solid;background-color:transparent}.elementor-widget-text-editor:not(.elementor-drop-cap-view-default) .elementor-drop-cap{margin-top:8px}.elementor-widget-text-editor:not(.elementor-drop-cap-view-default) .elementor-drop-cap-letter{width:1em;height:1em}.elementor-widget-text-editor .elementor-drop-cap{float:left;text-align:center;line-height:1;font-size:50px}.elementor-widget-text-editor .elementor-drop-cap-letter{display:inline-block}<\/style>\t\t\t\t<p>VERTRAGSBEENDIGUNG OHNE ANGABE VON GR\u00dcNDEN (PRODUKTR\u00dcCKGABE)<\/p><p>Nicht zufrieden mit dem Auserw\u00e4hlten? Produktauswahl und Einkauf sind bei uns kostenlos und risikofrei. Sie k\u00f6nnen den Vertrag innerhalb von 90 Tagen ohne Angabe von Gr\u00fcnden k\u00fcndigen.<\/p><p>Wann kann ich den Vertrag ohne Angabe von Gr\u00fcnden k\u00fcndigen?<\/p><p>Sie k\u00f6nnen jedes Produkt, das Sie bei uns gekauft haben, zur\u00fcckgeben. Unser Ziel ist Ihre vollste Zufriedenheit. Wenn Sie das Produkt gerade ausprobiert haben und zu dem Schluss gekommen sind, dass es nicht Ihren Erwartungen entspricht, k\u00f6nnen Sie es zur\u00fcckgeben. Sie k\u00f6nnen das Produkt nur dann zur\u00fcckgeben, wenn Sie es kontinuierlich verwendet, mindestens ein Zehntel seines Inhalts aufgebraucht oder seine Funktionalit\u00e4t versehentlich oder absichtlich mechanisch besch\u00e4digt haben.<\/p><p>Wie ist das Verfahren zur K\u00fcndigung des Vertrages ohne Angabe von Gr\u00fcnden?<\/p><p>Bitte teilen Sie uns Ihre Entscheidung, den Vertrag zu k\u00fcndigen, innerhalb von 90 Tagen nach Lieferung des Produkts mit. Senden Sie am besten eine Benachrichtigung an die E-Mail-Adresse: info.eater@gmail.com oder rufen Sie die Nummer an: +385 92 404 6792. Sie k\u00f6nnen auch das Vertragsk\u00fcndigungsformular auf unserer Website verwenden.<\/p><p>Senden Sie das Produkt unverz\u00fcglich, sp\u00e4testens innerhalb von 14 Tagen ab dem Datum der Vertragsbeendigung, an die Adresse FRAGRANCE RED d.o.o., Ljudevita Posavskog 36b, 10000 Zagreb. Wenn Sie im Rahmen des geschlossenen Vertrages weitere Produkte von uns unentgeltlich erhalten haben (\u201eGeschenk\u201c), m\u00fcssen Sie diese ebenfalls zur\u00fccksenden.<\/p><p>Wir erstatten Ihnen den f\u00fcr das Produkt gezahlten Betrag sp\u00e4testens innerhalb von 14 Tagen nach Vertragsbeendigung zur\u00fcck. Wir k\u00f6nnen die Zahlung in \u00dcbereinstimmung mit dem Gesetz vornehmen, nachdem Sie das Produkt an uns zur\u00fcckgesandt haben. Wenn Sie den Vertrag innerhalb von 14 Tagen nach Lieferung des Produkts k\u00fcndigen, haben Sie au\u00dferdem Anspruch auf eine Lieferungsentsch\u00e4digung in H\u00f6he der g\u00fcnstigsten angebotenen Versandart f\u00fcr das Produkt. Die mit der R\u00fccksendung des Produkts verbundenen Kosten tr\u00e4gt der K\u00e4ufer.<\/p><p>Kontakte<\/p><p>Wir beantworten gerne alle Fragen im Zusammenhang mit der Vertragsbeendigung. Senden Sie Fragen an: info.eater@gmail.com oder rufen Sie uns an: +385 92 404 6792<\/p><p><a href=\"\/obrazac_za_jednostrani_raskid_ugovora.docx\" target=\"_blank\" rel=\"noopener\">Laden Sie das Vertragsk\u00fcndigungsformular herunter<\/a><\/p>\t\t\t\t\t\t<\/div>\n\t\t\t\t<\/div>\n\t\t\t\t\t<\/div>\n\t\t\t\t<\/div>\n\t\t\t\t\t\t\t<\/div>\n\t\t","protected":false},"excerpt":{"rendered":"<p>VERTRAGSK\u00dcNDIGUNG VERTRAGSBEENDIGUNG OHNE ANGABE VON GR\u00dcNDEN (PRODUKTR\u00dcCKGABE) Nicht zufrieden mit dem Auserw\u00e4hlten? Produktauswahl und Einkauf sind bei uns kostenlos und risikofrei. Sie k\u00f6nnen den Vertrag innerhalb von 90 Tagen ohne Angabe von Gr\u00fcnden k\u00fcndigen. Wann kann ich den Vertrag ohne Angabe von Gr\u00fcnden k\u00fcndigen? Sie k\u00f6nnen jedes Produkt, das Sie bei uns gekauft haben, zur\u00fcckgeben. [&hellip;]<\/p>\n","protected":false},"author":1,"featured_media":0,"parent":0,"menu_order":0,"comment_status":"closed","ping_status":"closed","template":"","meta":{"footnotes":""},"class_list":["post-54518638","page","type-page","status-publish","hentry"],"acf":[],"yoast_head":"<!-- This site is optimized with the Yoast SEO Premium plugin v20.1 (Yoast SEO v20.3) - https:\/\/yoast.com\/wordpress\/plugins\/seo\/ -->\n<title>VERTRAGSK\u00dcNDIGUNG - EMINY perfume world<\/title>\n<meta name=\"description\" content=\"VERTRAGSK\u00dcNDIGUNG EMINY perfume world\" \/>\n<meta name=\"robots\" content=\"index, follow, max-snippet:-1, max-image-preview:large, max-video-preview:-1\" \/>\n<link rel=\"canonical\" href=\"https:\/\/eminy.online\/vertragskuendigung\/\" \/>\n<meta property=\"og:locale\" content=\"en_US\" \/>\n<meta property=\"og:type\" content=\"article\" \/>\n<meta property=\"og:title\" content=\"VERTRAGSK\u00dcNDIGUNG\" \/>\n<meta property=\"og:description\" content=\"VERTRAGSK\u00dcNDIGUNG EMINY perfume world\" \/>\n<meta property=\"og:url\" content=\"https:\/\/eminy.online\/vertragskuendigung\/\" \/>\n<meta property=\"og:site_name\" content=\"EMINY perfume world\" \/>\n<meta property=\"article:publisher\" content=\"https:\/\/www.facebook.com\/vaseminy\" \/>\n<meta property=\"article:modified_time\" content=\"2024-03-24T22:17:10+00:00\" \/>\n<meta name=\"twitter:card\" content=\"summary_large_image\" \/>\n<meta name=\"twitter:label1\" content=\"Est. reading time\" \/>\n\t<meta name=\"twitter:data1\" content=\"2 minutes\" \/>\n<script type=\"application\/ld+json\" class=\"yoast-schema-graph\">{\"@context\":\"https:\/\/schema.org\",\"@graph\":[{\"@type\":\"WebPage\",\"@id\":\"https:\/\/eminy.online\/vertragskuendigung\/\",\"url\":\"https:\/\/eminy.online\/vertragskuendigung\/\",\"name\":\"VERTRAGSK\u00dcNDIGUNG - EMINY perfume world\",\"isPartOf\":{\"@id\":\"https:\/\/eminy.online\/#website\"},\"datePublished\":\"2023-03-20T09:20:26+00:00\",\"dateModified\":\"2024-03-24T22:17:10+00:00\",\"description\":\"VERTRAGSK\u00dcNDIGUNG EMINY perfume world\",\"breadcrumb\":{\"@id\":\"https:\/\/eminy.online\/vertragskuendigung\/#breadcrumb\"},\"inLanguage\":\"en-US\",\"potentialAction\":[{\"@type\":\"ReadAction\",\"target\":[\"https:\/\/eminy.online\/vertragskuendigung\/\"]}]},{\"@type\":\"BreadcrumbList\",\"@id\":\"https:\/\/eminy.online\/vertragskuendigung\/#breadcrumb\",\"itemListElement\":[{\"@type\":\"ListItem\",\"position\":1,\"name\":\"Home\",\"item\":\"https:\/\/eminy.online\/\"},{\"@type\":\"ListItem\",\"position\":2,\"name\":\"VERTRAGSK\u00dcNDIGUNG\"}]},{\"@type\":\"WebSite\",\"@id\":\"https:\/\/eminy.online\/#website\",\"url\":\"https:\/\/eminy.online\/\",\"name\":\"EMINY perfume world\",\"description\":\"Luxury available to everyone\",\"publisher\":{\"@id\":\"https:\/\/eminy.online\/#organization\"},\"potentialAction\":[{\"@type\":\"SearchAction\",\"target\":{\"@type\":\"EntryPoint\",\"urlTemplate\":\"https:\/\/eminy.online\/?s={search_term_string}\"},\"query-input\":\"required name=search_term_string\"}],\"inLanguage\":\"en-US\"},{\"@type\":\"Organization\",\"@id\":\"https:\/\/eminy.online\/#organization\",\"name\":\"EATAR RJE\u0160ENJA J.D.O.O.\",\"url\":\"https:\/\/eminy.online\/\",\"logo\":{\"@type\":\"ImageObject\",\"inLanguage\":\"en-US\",\"@id\":\"https:\/\/eminy.online\/#\/schema\/logo\/image\/\",\"url\":\"https:\/\/eminy.online\/wp-content\/uploads\/eminyasset-1-1.svg\",\"contentUrl\":\"https:\/\/eminy.online\/wp-content\/uploads\/eminyasset-1-1.svg\",\"width\":210,\"height\":158,\"caption\":\"EATAR RJE\u0160ENJA J.D.O.O.\"},\"image\":{\"@id\":\"https:\/\/eminy.online\/#\/schema\/logo\/image\/\"},\"sameAs\":[\"https:\/\/www.facebook.com\/vaseminy\",\"https:\/\/www.instagram.com\/eminy_parfemihr\/?igshid=YmMyMTA2M2Y=\"]}]}<\/script>\n<!-- \/ Yoast SEO Premium plugin. -->","yoast_head_json":{"title":"VERTRAGSK\u00dcNDIGUNG - EMINY perfume world","description":"VERTRAGSK\u00dcNDIGUNG EMINY perfume world","robots":{"index":"index","follow":"follow","max-snippet":"max-snippet:-1","max-image-preview":"max-image-preview:large","max-video-preview":"max-video-preview:-1"},"canonical":"https:\/\/eminy.online\/vertragskuendigung\/","og_locale":"en_US","og_type":"article","og_title":"VERTRAGSK\u00dcNDIGUNG","og_description":"VERTRAGSK\u00dcNDIGUNG EMINY perfume world","og_url":"https:\/\/eminy.online\/vertragskuendigung\/","og_site_name":"EMINY perfume world","article_publisher":"https:\/\/www.facebook.com\/vaseminy","article_modified_time":"2024-03-24T22:17:10+00:00","twitter_card":"summary_large_image","twitter_misc":{"Est. reading time":"2 minutes"},"schema":{"@context":"https:\/\/schema.org","@graph":[{"@type":"WebPage","@id":"https:\/\/eminy.online\/vertragskuendigung\/","url":"https:\/\/eminy.online\/vertragskuendigung\/","name":"VERTRAGSK\u00dcNDIGUNG - EMINY perfume world","isPartOf":{"@id":"https:\/\/eminy.online\/#website"},"datePublished":"2023-03-20T09:20:26+00:00","dateModified":"2024-03-24T22:17:10+00:00","description":"VERTRAGSK\u00dcNDIGUNG EMINY perfume world","breadcrumb":{"@id":"https:\/\/eminy.online\/vertragskuendigung\/#breadcrumb"},"inLanguage":"en-US","potentialAction":[{"@type":"ReadAction","target":["https:\/\/eminy.online\/vertragskuendigung\/"]}]},{"@type":"BreadcrumbList","@id":"https:\/\/eminy.online\/vertragskuendigung\/#breadcrumb","itemListElement":[{"@type":"ListItem","position":1,"name":"Home","item":"https:\/\/eminy.online\/"},{"@type":"ListItem","position":2,"name":"VERTRAGSK\u00dcNDIGUNG"}]},{"@type":"WebSite","@id":"https:\/\/eminy.online\/#website","url":"https:\/\/eminy.online\/","name":"EMINY perfume world","description":"Luxury available to everyone","publisher":{"@id":"https:\/\/eminy.online\/#organization"},"potentialAction":[{"@type":"SearchAction","target":{"@type":"EntryPoint","urlTemplate":"https:\/\/eminy.online\/?s={search_term_string}"},"query-input":"required name=search_term_string"}],"inLanguage":"en-US"},{"@type":"Organization","@id":"https:\/\/eminy.online\/#organization","name":"EATAR RJE\u0160ENJA J.D.O.O.","url":"https:\/\/eminy.online\/","logo":{"@type":"ImageObject","inLanguage":"en-US","@id":"https:\/\/eminy.online\/#\/schema\/logo\/image\/","url":"https:\/\/eminy.online\/wp-content\/uploads\/eminyasset-1-1.svg","contentUrl":"https:\/\/eminy.online\/wp-content\/uploads\/eminyasset-1-1.svg","width":210,"height":158,"caption":"EATAR RJE\u0160ENJA J.D.O.O."},"image":{"@id":"https:\/\/eminy.online\/#\/schema\/logo\/image\/"},"sameAs":["https:\/\/www.facebook.com\/vaseminy","https:\/\/www.instagram.com\/eminy_parfemihr\/?igshid=YmMyMTA2M2Y="]}]}},"_links":{"self":[{"href":"https:\/\/eminy.online\/en\/wp-json\/wp\/v2\/pages\/54518638","targetHints":{"allow":["GET"]}}],"collection":[{"href":"https:\/\/eminy.online\/en\/wp-json\/wp\/v2\/pages"}],"about":[{"href":"https:\/\/eminy.online\/en\/wp-json\/wp\/v2\/types\/page"}],"author":[{"embeddable":true,"href":"https:\/\/eminy.online\/en\/wp-json\/wp\/v2\/users\/1"}],"replies":[{"embeddable":true,"href":"https:\/\/eminy.online\/en\/wp-json\/wp\/v2\/comments?post=54518638"}],"version-history":[{"count":6,"href":"https:\/\/eminy.online\/en\/wp-json\/wp\/v2\/pages\/54518638\/revisions"}],"predecessor-version":[{"id":54520877,"href":"https:\/\/eminy.online\/en\/wp-json\/wp\/v2\/pages\/54518638\/revisions\/54520877"}],"wp:attachment":[{"href":"https:\/\/eminy.online\/en\/wp-json\/wp\/v2\/media?parent=54518638"}],"curies":[{"name":"wp","href":"https:\/\/api.w.org\/{rel}","templated":true}]}}