{"id":54521983,"date":"2025-07-07T13:58:45","date_gmt":"2025-07-07T13:58:45","guid":{"rendered":"https:\/\/eminy.online\/?post_type=product&#038;p=54521983"},"modified":"2025-07-08T12:15:22","modified_gmt":"2025-07-08T12:15:22","slug":"eminy-mini5-set-5-kom","status":"publish","type":"product","link":"https:\/\/eminy.online\/en\/proizvod\/eminy-mini5-set-5-kom\/","title":{"rendered":"EMINY MINI5 set (5 kom.)"},"content":{"rendered":"<p><strong>EMINY MINI Set<\/strong> je savr\u0161en poklon za ljubitelje parfema ili one koji tek istra\u017euju svijet mirisa. U elegantnom pakovanju dolazi pet pa\u017eljivo odabranih EMINY parfema u mini pakiranju od po 2ml \u2013 idealno za putovanja, torbicu ili kao sofisticiran znak pa\u017enje. Ovaj set nudi raznolikost mirisnih nota koje \u0107e zadovoljiti razli\u010dite ukuse, bilo da preferirate cvjetne, drvenaste, orijentalne ili svje\u017ee tonove. Isprobajte vi\u0161e mirisa i otkrijte svoj novi omiljeni parfem!<\/p>\n<p>&nbsp;<\/p>\n<p><strong>Inspirirano sa CHANEL ZA NJU <\/strong><\/p>\n<ul>\n<li><a href=\"https:\/\/eminy.online\/proizvod\/eminy-eau-de-parfum-101\/\">EMINY Eau De Parfum 101, Inspirirano s CHANEL 5<\/a><\/li>\n<li><a href=\"https:\/\/eminy.online\/proizvod\/eminy-eau-de-parfum-103\/\">EMINY Eau De Parfum 103, Inspirirano s COCO CHANEL<\/a><\/li>\n<li><a href=\"https:\/\/eminy.online\/proizvod\/eminy-eau-de-parfum-166\/\">EMINY Eau De Parfum 166, Inspirirano s CHANEL COCO MADEMOISELLE<\/a><\/li>\n<li><a href=\"https:\/\/eminy.online\/proizvod\/eminy-eau-de-parfum-127\/\">EMINY Eau De Parfum 127, Inspirirano s CHANEL CHANCE<\/a><\/li>\n<li><a href=\"https:\/\/eminy.online\/proizvod\/eminy-eau-de-parfum-159\/\">EMINY Eau De Parfum 159, Inspirirano s CHANEL CHANCE EAU TENDRE<\/a><\/li>\n<\/ul>\n<p>&nbsp;<\/p>\n<p><strong>Inspirirano sa NAOMI CAMPBELL ZA NJU<\/strong><\/p>\n<ul>\n<li><a href=\"https:\/\/eminy.online\/proizvod\/eminy-eau-de-parfum-186\/\">EMINY Eau De Parfum 186, Inspirirano s NAOMI CAMPBELL<\/a><\/li>\n<li><a href=\"https:\/\/eminy.online\/proizvod\/eminy-eau-de-parfum-180\/\">EMINY Eau De Parfum 180, Inspirirano s NAOMI CAMPBELL NAOMAGIC<\/a><\/li>\n<li><a href=\"https:\/\/eminy.online\/proizvod\/eminy-eau-de-parfum-179\/\">EMINY Eau De Parfum 179, Inspirirano s NAOMI CAMPBELL CAT DE LUXE<\/a><\/li>\n<li><a href=\"https:\/\/eminy.online\/proizvod\/eminy-eau-de-parfum-181\/\">EMINY Eau De Parfum 181, Inspirirano s NAOMI CAMPBELL CAT DE LUXE AT NIGHT<\/a><\/li>\n<li><a href=\"https:\/\/eminy.online\/proizvod\/eminy-eau-de-parfum-635\/\">EMINY Eau De Parfum 635, Inspirirano s NAOMI<\/a><\/li>\n<\/ul>\n<p>&nbsp;<\/p>\n<p><strong>Inspirirano sa DIOR ZA NJU<\/strong><\/p>\n<ul>\n<li><a href=\"https:\/\/eminy.online\/proizvod\/eminy-eau-de-parfum-118\/\">EMINY Eau De Parfum 118, Inspirirano s POISON (SHOCK)<\/a><\/li>\n<li><a href=\"https:\/\/eminy.online\/proizvod\/eminy-eau-de-parfum-613\/\">EMINY Eau De Parfum 613, Inspirirano s DIOR JOY<\/a><\/li>\n<li><a href=\"https:\/\/eminy.online\/proizvod\/eminy-eau-de-parfum-173\/\">EMINY Eau De Parfum 173, Inspirirano s DIOR HYPNOTIC POISON<\/a><\/li>\n<li><a href=\"https:\/\/eminy.online\/proizvod\/eminy-eau-de-parfum-187\/\">EMINY Eau De Parfum 187, Inspirirano s DIOR J&#8217;ADORE<\/a><\/li>\n<li><a href=\"https:\/\/eminy.online\/proizvod\/eminy-eau-de-parfum-143\/\">EMINY Eau De Parfum 143, Inspirirano s DIOR DOLCE VITA<\/a><\/li>\n<\/ul>\n<p>&nbsp;<\/p>\n<p><strong>Inspirirano sa DIOR ZA NJEGA<\/strong><\/p>\n<ul>\n<li><a href=\"https:\/\/eminy.online\/proizvod\/eminy-eau-de-parfum-208\/\">EMINY Eau De Parfum 208, Inspirirano s DIOR FAHRENHEIT<br \/>\n<\/a><\/li>\n<li><a href=\"https:\/\/eminy.online\/proizvod\/eminy-eau-de-parfum-218\/\">EMINY Eau De Parfum 218, Inspirirano s DIOR FAHRENHEIT 32<br \/>\n<\/a><\/li>\n<li><a href=\"https:\/\/eminy.online\/proizvod\/eminy-eau-de-parfum-225\/\">EMINY Eau De Parfum 225, Inspirirano s DIOR SAUVAGE<br \/>\n<\/a><\/li>\n<li><a href=\"https:\/\/eminy.online\/proizvod\/eminy-eau-de-parfum-245\/\">EMINY Eau De Parfum 245, Inspirirano s DIOR HIGHER<br \/>\n<\/a><\/li>\n<li><a href=\"https:\/\/eminy.online\/proizvod\/eminy-eau-de-parfum-263\/\">EMINY Eau De Parfum 263, Inspirirano s DIOR HOMME PARFUM<br \/>\n<\/a><\/li>\n<\/ul>\n<p>&nbsp;<\/p>\n<p><strong>Inspirirano sa PACO RABANNE ZA NJU<\/strong><\/p>\n<ul>\n<li><a href=\"https:\/\/eminy.online\/proizvod\/eminy-eau-de-parfum-102\/\">EMINY Eau De Parfum 102, Inspirirano s PACO RABANNE OLYMPEA<br \/>\n<\/a><\/li>\n<li><a href=\"https:\/\/eminy.online\/proizvod\/eminy-eau-de-parfum-191\/\">EMINY Eau De Parfum 191, Inspirirano s PACO RABANNE LADY MILLION<br \/>\n<\/a><\/li>\n<li><a href=\"https:\/\/eminy.online\/proizvod\/eminy-eau-de-parfum-192\/\">EMINY Eau De Parfum 192, Inspirirano s PACO RABANNE LADY MILLION ABSOLUTELY GOLD<br \/>\n<\/a><\/li>\n<li><a href=\"https:\/\/eminy.online\/proizvod\/eminy-eau-de-parfum-158\/\">EMINY Eau De Parfum 158, Inspirirano s PACO RABANNE BLACK XS<br \/>\n<\/a><\/li>\n<li><a href=\"https:\/\/eminy.online\/proizvod\/eminy-eau-de-parfum-602\/\">EMINY Eau De Parfum 602, Inspirirano s PACO RABANNE LADY MILLION PRIVE<br \/>\n<\/a><\/li>\n<\/ul>\n<p>&nbsp;<\/p>\n<p><strong>Inspirirano sa PACO RABANNE ZA NJEGA<\/strong><\/p>\n<ul>\n<li><a href=\"https:\/\/eminy.online\/proizvod\/eminy-eau-de-parfum-219\/\">EMINY Eau De Parfum 219, Inspirirano s PACO RABANNE 1 MILLION<br \/>\n<\/a><\/li>\n<li><a href=\"https:\/\/eminy.online\/proizvod\/eminy-eau-de-parfum-223\/\">EMINY Eau De Parfum 223, Inspirirano s PACO RABANNE 1 MILLION ABSOLUTELY GOLD<br \/>\n<\/a><\/li>\n<li><a href=\"https:\/\/eminy.online\/proizvod\/eminy-eau-de-parfum-241\/\">EMINY Eau De Parfum 241, Inspirirano s PACO RABANNE 1 MILLION INTENSE<br \/>\n<\/a><\/li>\n<li><a href=\"https:\/\/eminy.online\/proizvod\/eminy-eau-de-parfum-247\/\">EMINY Eau De Parfum 247, Inspirirano s PACO RABANNE INVICTUS<br \/>\n<\/a><\/li>\n<li><a href=\"https:\/\/eminy.online\/proizvod\/eminy-eau-de-parfum-267\/\">EMINY Eau De Parfum 267, Inspirirano s PACO RABANNE 1 MILLION PRIVE<br \/>\n<\/a><\/li>\n<\/ul>\n<p>&nbsp;<\/p>\n<p><strong>MO\u0160US UNISEX<\/strong><\/p>\n<ul>\n<li><a href=\"https:\/\/eminy.online\/proizvod\/eminy-eau-de-parfum-636\/\">EMINY Eau De Parfum 636, Inspiriran sa MOSCHUS MAGIC LOVE<br \/>\n<\/a><\/li>\n<li><a href=\"https:\/\/eminy.online\/proizvod\/eminy-eau-de-parfum-640\/\">EMINY Eau De Parfum 640, Wild musk (divlji mo\u0161us)<br \/>\n<\/a><\/li>\n<li><a href=\"https:\/\/eminy.online\/proizvod\/eminy-eau-de-parfum-642\/\">EMINY Eau De Parfum 642, Inspiriran sa Moschus wild love<br \/>\n<\/a><\/li>\n<li><a href=\"https:\/\/eminy.online\/proizvod\/eminy-eau-de-parfum-639\/\">EMINY Eau De Parfum 639, Moschus <\/a><\/li>\n<li><a href=\"https:\/\/eminy.online\/proizvod\/eminy-eau-de-parfum-643\/\">EMINY Eau De Parfum 643, Inspiriran sa Moschus exotic love<br \/>\n<\/a><\/li>\n<\/ul>\n<p>&nbsp;<\/p>\n<p><strong>Inspirirano sa HUGO BOSS ZA NJU<\/strong><\/p>\n<ul>\n<li><a href=\"https:\/\/eminy.online\/proizvod\/eminy-eau-de-parfum-147\/\">EMINY Eau De Parfum 147, Inspirirano s HUGO BOSS WOMAN<br \/>\n<\/a><\/li>\n<li><a href=\"https:\/\/eminy.online\/proizvod\/eminy-eau-de-parfum-148\/\">EMINY Eau De Parfum 148, Inspirirano s HUGO BOSS DEEP RED<br \/>\n<\/a><\/li>\n<li><a href=\"https:\/\/eminy.online\/proizvod\/eminy-eau-de-parfum-167\/\">EMINY Eau De Parfum 167, Inspirirano s HUGO BOSS XX<br \/>\n<\/a><\/li>\n<li><a href=\"https:\/\/eminy.online\/proizvod\/eminy-eau-de-parfum-603\/\">EMINY Eau De Parfum 603, Inspirirano s HUGO BOSS MA VIE POUR FEMME INTENSE<br \/>\n<\/a><\/li>\n<li><a href=\"https:\/\/eminy.online\/proizvod\/eminy-eau-de-parfum-121\/\">EMINY Eau De Parfum 121, Inspirirano s HUGO BOSS ORANGE<br \/>\n<\/a><\/li>\n<\/ul>\n<p>&nbsp;<\/p>\n<p><strong>Inspirirano sa HUGO BOSS ZA NJEGA<\/strong><\/p>\n<ul>\n<li><a href=\"https:\/\/eminy.online\/proizvod\/eminy-eau-de-parfum-203\/\">EMINY Eau De Parfum 203, Inspirirano s HUGO BOSS XY<br \/>\n<\/a><\/li>\n<li><a href=\"https:\/\/eminy.online\/proizvod\/eminy-eau-de-parfum-206\/\">EMINY Eau De Parfum 206, Inspirirano s HUGO BOSS THE SCENT<br \/>\n<\/a><\/li>\n<li><a href=\"https:\/\/eminy.online\/proizvod\/eminy-eau-de-parfum-209\/\">EMINY Eau De Parfum 209, Inspirirano s HUGO BOSS ENERGISE<br \/>\n<\/a><\/li>\n<li><a href=\"https:\/\/eminy.online\/proizvod\/eminy-eau-de-parfum-228\/\">EMINY Eau De Parfum 228, Inspirirano s HUGO BOSS HUGO<br \/>\n<\/a><\/li>\n<li><a href=\"https:\/\/eminy.online\/proizvod\/eminy-eau-de-parfum-252\/\">EMINY Eau De Parfum 252, Inspirirano s HUGO BOSS BOTTLED UNLIMITED<br \/>\n<\/a><\/li>\n<\/ul>\n<p>&nbsp;<\/p>\n<p><strong>UNISEX<\/strong><\/p>\n<ul>\n<li><a href=\"https:\/\/eminy.online\/proizvod\/eminy-eau-de-parfum-212\/\">EMINY Eau De Parfum 212, Inspirirano s CK ONE<br \/>\n<\/a><\/li>\n<li><a href=\"https:\/\/eminy.online\/proizvod\/eminy-eau-de-parfum-644\/\">EMINY Eau De Parfum 644, IInspirirano s BACCARAT ROUGE 540<br \/>\n<\/a><\/li>\n<li><a href=\"https:\/\/eminy.online\/proizvod\/eminy-eau-de-parfum-645\/\">EMINY Eau De Parfum 645, Inspirirano s TIZIANA TERENZI KIRKE<br \/>\n<\/a><\/li>\n<li><a href=\"https:\/\/eminy.online\/proizvod\/eminy-eau-de-parfum-274\/\">EMINY Eau De Parfum 274, Inspirirano s TOM FORD BLACK ORCHID<br \/>\n<\/a><\/li>\n<li><a href=\"https:\/\/eminy.online\/proizvod\/eminy-eau-de-parfum-283\/\">EMINY Eau De Parfum 283, Inspirirano s TOM FORD VANILLA SEX<br \/>\n<\/a><\/li>\n<\/ul>\n<p>&nbsp;<\/p>\n<p><strong>Inspirirano sa TOM FORD<\/strong><\/p>\n<ul>\n<li><a href=\"https:\/\/eminy.online\/proizvod\/eminy-eau-de-parfum-227\/\">EMINY Eau De Parfum 227, Inspirirano s TOM FORD NOIR EXTREME<br \/>\n<\/a><\/li>\n<li><a href=\"https:\/\/eminy.online\/proizvod\/eminy-eau-de-parfum-274\/\">EMINY Eau De Parfum 274, Inspirirano s TOM FORD BLACK ORCHID<br \/>\n<\/a><\/li>\n<li><a href=\"https:\/\/eminy.online\/proizvod\/eminy-eau-de-parfum-277\/\">EMINY Eau De Parfum 277, Inspirirano s TOM FORD TOBACCO VANILLE<br \/>\n<\/a><\/li>\n<li><a href=\"https:\/\/eminy.online\/proizvod\/eminy-eau-de-parfum-282\/\">EMINY Eau De Parfum 282, Inspirirano s TOM FORD OMBRE LEATHER<br \/>\n<\/a><\/li>\n<li><a href=\"https:\/\/eminy.online\/proizvod\/eminy-eau-de-parfum-283\/\">EMINY Eau De Parfum 283, Inspirirano s TOM FORD VANILLA SEX<br \/>\n<\/a><\/li>\n<\/ul>\n<p>&nbsp;<\/p>\n<p><strong>Inspirirano sa ARMANI ZA NJEGA<\/strong><\/p>\n<ul>\n<li><a href=\"https:\/\/eminy.online\/proizvod\/eminy-eau-de-parfum-276\/\">EMINY Eau De Parfum 276, Inspirirano s ARMANI CODE ABSOLU<br \/>\n<\/a><\/li>\n<li><a href=\"https:\/\/eminy.online\/proizvod\/eminy-eau-de-parfum-272\/\">EMINY Eau De Parfum 272, Inspirirano s ARMANI STRONGER WITH YOU<br \/>\n<\/a><\/li>\n<li><a href=\"https:\/\/eminy.online\/proizvod\/eminy-eau-de-parfum-250\/\">EMINY Eau De Parfum 250, Inspirirano s EMPORIO ARMANI<br \/>\n<\/a><\/li>\n<li><a href=\"https:\/\/eminy.online\/proizvod\/eminy-eau-de-parfum-226\/\">EMINY Eau De Parfum 226, Inspirirano s ARMANI ACQUA DI GIO<br \/>\n<\/a><\/li>\n<li><a href=\"https:\/\/eminy.online\/proizvod\/eminy-eau-de-parfum-251\/\">EMINY Eau De Parfum 251, Inspirirano s ARMANI CODE<br \/>\n<\/a><\/li>\n<\/ul>\n<p>&nbsp;<\/p>\n<p><strong>Inspirirano sa GUCCI ZA NJU<\/strong><\/p>\n<ul>\n<li><a href=\"https:\/\/eminy.online\/proizvod\/eminy-eau-de-parfum-108\/\">EMINY Eau De Parfum 108, Inspirirano s GUCCI FLORA<br \/>\n<\/a><\/li>\n<li><a href=\"https:\/\/eminy.online\/proizvod\/eminy-eau-de-parfum-163\/\">EMINY Eau De Parfum 163, Inspirirano s GUCCI RUSH II<br \/>\n<\/a><\/li>\n<li><a href=\"https:\/\/eminy.online\/proizvod\/eminy-eau-de-parfum-196\/\">EMINY Eau De Parfum 196, Inspirirano s GUCCI RUSH<br \/>\n<\/a><\/li>\n<li><a href=\"https:\/\/eminy.online\/proizvod\/eminy-eau-de-parfum-611\/\">EMINY Eau De Parfum 611, Inspirirano s GUCCI BAMBOO<br \/>\n<\/a><\/li>\n<li><a href=\"https:\/\/eminy.online\/proizvod\/eminy-eau-de-parfum-616\/\">EMINY Eau De Parfum 616, Inspirirano s GUCCI BLOOM NETTARE DI FIORI<br \/>\n<\/a><\/li>\n<\/ul>\n<p>&nbsp;<\/p>\n<p><strong>Inspirirano sa YSL ZA NJU<\/strong><\/p>\n<ul>\n<li><a href=\"https:\/\/eminy.online\/proizvod\/eminy-eau-de-parfum-107\/\">EMINY Eau De Parfum 107, Inspirirano s YVES SAINT LAURENT YSL OPIUM (TRAMP)<br \/>\n<\/a><\/li>\n<li><a href=\"https:\/\/eminy.online\/proizvod\/eminy-eau-de-parfum-133\/\">EMINY Eau De Parfum 133, Inspirirano s BLACK OPIUM<br \/>\n<\/a><\/li>\n<li><a href=\"https:\/\/eminy.online\/proizvod\/eminy-eau-de-parfum-112\/\">EMINY Eau De Parfum 112, Inspirirano s YVES SAINT LAURENT YSL PARISIENNE<br \/>\n<\/a><\/li>\n<li><a href=\"https:\/\/eminy.online\/proizvod\/eminy-eau-de-parfum-157\/\">EMINY Eau De Parfum 157, Inspirirano s YVES SAINT LAURENT YSL MANIFESTO EDP<br \/>\n<\/a><\/li>\n<li><a href=\"https:\/\/eminy.online\/proizvod\/eminy-eau-de-parfum-624\/\">EMINY Eau De Parfum 624, Inspirirano s YSL YVES SAINT LAURENT LIBRE<br \/>\n<\/a><\/li>\n<\/ul>\n<p>&nbsp;<\/p>\n<p><strong>Inspirirano sa BVLGARI ZA NJU<\/strong><\/p>\n<ul>\n<li><a href=\"https:\/\/eminy.online\/proizvod\/eminy-eau-de-parfum-155\/\">EMINY Eau De Parfum 155, Inspirirano s BVLGARI JASMIN NOIR<br \/>\n<\/a><\/li>\n<li><a href=\"https:\/\/eminy.online\/proizvod\/eminy-eau-de-parfum-626\/\">EMINY Eau De Parfum 626, Inspirirano s BVLGARI OMNIA CORAL<br \/>\n<\/a><\/li>\n<li><a href=\"https:\/\/eminy.online\/proizvod\/eminy-eau-de-parfum-162\/\">EMINY Eau De Parfum 162, Inspirirano s BVLGARI OMNIA<br \/>\n<\/a><\/li>\n<li><a href=\"https:\/\/eminy.online\/proizvod\/eminy-eau-de-parfum-608\/\">EMINY Eau De Parfum 608, Inspirirano s BVLGARI OMNIA CRYSTALLINE<br \/>\n<\/a><\/li>\n<li><a href=\"https:\/\/eminy.online\/proizvod\/eminy-eau-de-parfum-195\/\">EMINY Eau De Parfum 195, Inspirirano s BVLGARI GOLDEA<br \/>\n<\/a><\/li>\n<\/ul>\n<p>&nbsp;<\/p>\n<p><strong>Inspirirano sa VERSACE ZA NJU<\/strong><\/p>\n<ul>\n<li><a href=\"https:\/\/eminy.online\/proizvod\/eminy-eau-de-parfum-175\/\">EMINY Eau De Parfum 175, Inspirirano s VERSACE CRYSTAL NOIR<br \/>\n<\/a><\/li>\n<li><a href=\"https:\/\/eminy.online\/proizvod\/eminy-eau-de-parfum-619\/\">EMINY Eau De Parfum 619, Inspirirano s VERSACE BRIGHT CRYSTAL<br \/>\n<\/a><\/li>\n<li><a href=\"https:\/\/eminy.online\/proizvod\/eminy-eau-de-parfum-632\/\">EMINY Eau De Parfum 632, Inspirirano s VERSACE<br \/>\n<\/a><\/li>\n<li><a href=\"https:\/\/eminy.online\/proizvod\/eminy-eau-de-parfum-628\/\">EMINY Eau De Parfum 628, Inspirirano s EROS POUR FEMME<br \/>\n<\/a><\/li>\n<li><a href=\"https:\/\/eminy.online\/proizvod\/eminy-eau-de-parfum-122\/\">EMINY Eau De Parfum 122,Inspirirano s VERSACE VERSENSE<br \/>\n<\/a><\/li>\n<\/ul>\n<p>&nbsp;<\/p>\n<p><strong>Inspirirano sa LANCOME ZA NJU<\/strong><\/p>\n<ul>\n<li><a href=\"https:\/\/eminy.online\/proizvod\/eminy-eau-de-parfum-132\/\">EMINY Eau De Parfum132, Inspirirano s LANCOME TRESOR IN LOVE (TRICIA)<br \/>\n<\/a><\/li>\n<li><a href=\"https:\/\/eminy.online\/proizvod\/eminy-eau-de-parfum-135\/\">EMINY Eau De Parfum 135, Inspirirano s LANCOME POEME<br \/>\n<\/a><\/li>\n<li><a href=\"https:\/\/eminy.online\/proizvod\/eminy-eau-de-parfum-138\/\">EMINY Eau De Parfum 138, Inspirirano s LANCOME LA VIE EST BELLE<br \/>\n<\/a><\/li>\n<li><a href=\"https:\/\/eminy.online\/proizvod\/eminy-eau-de-parfum-151\/\">EMINY Eau De Parfum 151, Inspirirano s LANCOME HYPNOSE <\/a><\/li>\n<li><a href=\"https:\/\/eminy.online\/proizvod\/eminy-eau-de-parfum-617\/\">EMINY Eau De Parfum 617, Inspirirano s LANCOME LA NUIT TRESOR A LA FOLIE<br \/>\n<\/a><\/li>\n<\/ul>\n<p>&nbsp;<\/p>\n<p><strong>ULJNI MO\u0160US<\/strong><\/p>\n<ul>\n<li><a href=\"https:\/\/eminy.online\/proizvod\/eminy-huile-de-parfum-701-musc-blanc\/\">EMINY Huile de Parfum 701 MUSC BLANC<\/a><\/li>\n<li><a href=\"https:\/\/eminy.online\/proizvod\/eminy-huile-de-parfum-706-moschus\/\">EMINY Huile de Parfum 706 MOSCHUS<\/a><\/li>\n<li><a href=\"https:\/\/eminy.online\/proizvod\/eminy-huile-de-parfum-707-moschus-magic-love\/\">EMINY Huile de Parfum 707 MOSCHUS MAGIC LOVE<\/a><\/li>\n<li><a href=\"https:\/\/eminy.online\/proizvod\/eminy-huile-de-parfum-714-moschus-wild-love\/\">EMINY Huile de Parfum 714 MOSCHUS WILD LOVE<\/a><\/li>\n<li><a href=\"https:\/\/eminy.online\/proizvod\/eminy-huile-de-parfum-717\/\">EMINY Huile de Parfum 717 JUST MUSK<\/a><\/li>\n<\/ul>\n<p>&nbsp;<\/p>\n<p><strong>CVIJETNI ULJNI<\/strong><\/p>\n<ul>\n<li><a href=\"https:\/\/eminy.online\/proizvod\/eminy-huile-de-parfum-702-rose\/\">EMINY Huile de Parfum 702 ROSE<\/a><\/li>\n<li><a href=\"https:\/\/eminy.online\/proizvod\/eminy-huile-de-parfum-708-patchouli\/\">EMINY Huile de Parfum 708 PATCHOULI<\/a><\/li>\n<li><a href=\"https:\/\/eminy.online\/proizvod\/eminy-huile-de-parfum-710-violette\/\">EMINY Huile de Parfum 710 VIOLETTE<\/a><\/li>\n<li><a href=\"https:\/\/eminy.online\/proizvod\/eminy-huile-de-parfum-711-jasmine\/\">EMINY Huile de Parfum 711 JASMINE<\/a><\/li>\n<li><a href=\"https:\/\/eminy.online\/proizvod\/eminy-huile-de-parfum-712-lavande\/\">EMINY Huile de Parfum 712 LAVANDE<\/a><\/li>\n<\/ul>\n<p>&nbsp;<\/p>\n<p><strong>ULJNI ZA NJEGA<\/strong><\/p>\n<ul>\n<li><a href=\"https:\/\/eminy.online\/proizvod\/eminy-huile-de-parfum-706-moschus\/\">EMINY Huile de Parfum 706 MOSCHUS<\/a><\/li>\n<li><a href=\"https:\/\/eminy.online\/proizvod\/eminy-huile-de-parfum-704-santal\/\">EMINY Huile de Parfum 704 SANTAL<\/a><\/li>\n<li><a href=\"https:\/\/eminy.online\/proizvod\/eminy-huile-de-parfum-705-ambre\/\">EMINY Huile de Parfum 705 AMBRE<\/a><\/li>\n<li><a href=\"https:\/\/eminy.online\/proizvod\/eminy-huile-de-parfum-708-patchouli\/\">EMINY Huile de Parfum 708 PATCHOULI<\/a><\/li>\n<li><a href=\"https:\/\/eminy.online\/proizvod\/eminy-huile-de-parfum-709-patchouli-mint\/\">EMINY Huile de Parfum 709 PATCHOULI MINT<\/a><\/li>\n<\/ul>\n<p>&nbsp;<\/p>\n<p><strong>BODY MIST<\/strong><\/p>\n<ul>\n<li><a href=\"https:\/\/eminy.online\/proizvod\/eminy-body-mist-501\/\">EMINY Body mist 501, Inspirirano s ISLAND RUSH POMELO&amp;COCONUT WATER<\/a><\/li>\n<li><a href=\"https:\/\/eminy.online\/proizvod\/eminy-body-mist-502\/\">EMINY Body mist 502, Inspirirano s PURE SEDUCTION BLOOM<\/a><\/li>\n<li><a href=\"https:\/\/eminy.online\/proizvod\/eminy-body-mist-503\/\">EMINY Body mist 503, Inspirirano s LOVE SPELL BLOOM<\/a><\/li>\n<li><a href=\"https:\/\/eminy.online\/proizvod\/eminy-body-mist-504\/\">EMINY Body mist 504, Inspirirano s ENDLESS SUNSET HAWAIAN ORCID&amp;CURRANT<\/a><\/li>\n<li><a href=\"https:\/\/eminy.online\/proizvod\/eminy-body-mist-505\/\">EMINY Body mist 505, Inspirirano s TROPICAL NIGHTS<\/a><\/li>\n<\/ul>\n","protected":false},"excerpt":{"rendered":"<p>EMINY MINI Set je savr\u0161en poklon za ljubitelje parfema ili one koji tek istra\u017euju svijet mirisa. U elegantnom pakovanju dolazi pet pa\u017eljivo odabranih EMINY parfema u mini pakiranju od po 2ml \u2013 idealno za putovanja, torbicu ili kao sofisticiran znak pa\u017enje. Ovaj set nudi raznolikost mirisnih nota koje \u0107e zadovoljiti razli\u010dite ukuse, bilo da preferirate [&hellip;]<\/p>\n","protected":false},"featured_media":54521976,"comment_status":"closed","ping_status":"closed","template":"","meta":[],"product_cat":[2693,15],"product_tag":[],"class_list":["post-54521983","product","type-product","status-publish","has-post-thumbnail","hentry","product_cat-eminy-mini-setovi","product_cat-nekategorizirane"],"acf":[],"yoast_head":"<!-- This site is optimized with the Yoast SEO Premium plugin v20.1 (Yoast SEO v20.3) - https:\/\/yoast.com\/wordpress\/plugins\/seo\/ -->\n<title>EMINY MINI5 set (5 kom.) - EMINY perfume world<\/title>\n<meta name=\"description\" content=\"EMINY MINI5 set (5 kom.) EMINY perfume world\" \/>\n<meta name=\"robots\" content=\"index, follow, max-snippet:-1, max-image-preview:large, max-video-preview:-1\" \/>\n<link rel=\"canonical\" href=\"https:\/\/eminy.online\/proizvod\/eminy-mini5-set-5-kom\/\" \/>\n<meta property=\"og:locale\" content=\"en_US\" \/>\n<meta property=\"og:type\" content=\"article\" \/>\n<meta property=\"og:title\" content=\"EMINY MINI5 set (5 kom.)\" \/>\n<meta property=\"og:description\" content=\"EMINY MINI5 set (5 kom.) EMINY perfume world\" \/>\n<meta property=\"og:url\" content=\"https:\/\/eminy.online\/proizvod\/eminy-mini5-set-5-kom\/\" \/>\n<meta property=\"og:site_name\" content=\"EMINY perfume world\" \/>\n<meta property=\"article:publisher\" content=\"https:\/\/www.facebook.com\/vaseminy\" \/>\n<meta property=\"article:modified_time\" content=\"2025-07-08T12:15:22+00:00\" \/>\n<meta property=\"og:image\" content=\"https:\/\/eminy.online\/wp-content\/uploads\/image8-1.jpeg\" \/>\n\t<meta property=\"og:image:width\" content=\"1536\" \/>\n\t<meta property=\"og:image:height\" content=\"2048\" \/>\n\t<meta property=\"og:image:type\" content=\"image\/jpeg\" \/>\n<meta name=\"twitter:card\" content=\"summary_large_image\" \/>\n<meta name=\"twitter:label1\" content=\"Availability\" \/>\n\t<meta name=\"twitter:data1\" content=\"In stock\" \/>\n<script type=\"application\/ld+json\" class=\"yoast-schema-graph\">{\"@context\":\"https:\/\/schema.org\",\"@graph\":[{\"@type\":\"WebPage\",\"@id\":\"https:\/\/eminy.online\/proizvod\/eminy-mini5-set-5-kom\/\",\"url\":\"https:\/\/eminy.online\/proizvod\/eminy-mini5-set-5-kom\/\",\"name\":\"EMINY MINI5 set (5 kom.) - EMINY perfume world\",\"isPartOf\":{\"@id\":\"https:\/\/eminy.online\/#website\"},\"datePublished\":\"2025-07-07T13:58:45+00:00\",\"dateModified\":\"2025-07-08T12:15:22+00:00\",\"description\":\"EMINY MINI5 set (5 kom.) EMINY perfume world\",\"breadcrumb\":{\"@id\":\"https:\/\/eminy.online\/proizvod\/eminy-mini5-set-5-kom\/#breadcrumb\"},\"inLanguage\":\"en-US\",\"potentialAction\":[{\"@type\":\"ReadAction\",\"target\":[\"https:\/\/eminy.online\/proizvod\/eminy-mini5-set-5-kom\/\"]}]},{\"@type\":\"BreadcrumbList\",\"@id\":\"https:\/\/eminy.online\/proizvod\/eminy-mini5-set-5-kom\/#breadcrumb\",\"itemListElement\":[{\"@type\":\"ListItem\",\"position\":1,\"name\":\"Home\",\"item\":\"https:\/\/eminy.online\/\"},{\"@type\":\"ListItem\",\"position\":2,\"name\":\"Trgovina\",\"item\":\"https:\/\/eminy.online\/trgovina\/\"},{\"@type\":\"ListItem\",\"position\":3,\"name\":\"EMINY MINI5 set (5 kom.)\"}]},{\"@type\":\"WebSite\",\"@id\":\"https:\/\/eminy.online\/#website\",\"url\":\"https:\/\/eminy.online\/\",\"name\":\"EMINY perfume world\",\"description\":\"Luxury available to everyone\",\"publisher\":{\"@id\":\"https:\/\/eminy.online\/#organization\"},\"potentialAction\":[{\"@type\":\"SearchAction\",\"target\":{\"@type\":\"EntryPoint\",\"urlTemplate\":\"https:\/\/eminy.online\/?s={search_term_string}\"},\"query-input\":\"required name=search_term_string\"}],\"inLanguage\":\"en-US\"},{\"@type\":\"Organization\",\"@id\":\"https:\/\/eminy.online\/#organization\",\"name\":\"EATAR RJE\u0160ENJA J.D.O.O.\",\"url\":\"https:\/\/eminy.online\/\",\"logo\":{\"@type\":\"ImageObject\",\"inLanguage\":\"en-US\",\"@id\":\"https:\/\/eminy.online\/#\/schema\/logo\/image\/\",\"url\":\"https:\/\/eminy.online\/wp-content\/uploads\/eminyasset-1-1.svg\",\"contentUrl\":\"https:\/\/eminy.online\/wp-content\/uploads\/eminyasset-1-1.svg\",\"width\":210,\"height\":158,\"caption\":\"EATAR RJE\u0160ENJA J.D.O.O.\"},\"image\":{\"@id\":\"https:\/\/eminy.online\/#\/schema\/logo\/image\/\"},\"sameAs\":[\"https:\/\/www.facebook.com\/vaseminy\",\"https:\/\/www.instagram.com\/eminy_parfemihr\/?igshid=YmMyMTA2M2Y=\"]}]}<\/script>\n<meta property=\"og:availability\" content=\"instock\" \/>\n<meta property=\"product:availability\" content=\"instock\" \/>\n<meta property=\"product:condition\" content=\"new\" \/>\n<!-- \/ Yoast SEO Premium plugin. -->","yoast_head_json":{"title":"EMINY MINI5 set (5 kom.) - EMINY perfume world","description":"EMINY MINI5 set (5 kom.) EMINY perfume world","robots":{"index":"index","follow":"follow","max-snippet":"max-snippet:-1","max-image-preview":"max-image-preview:large","max-video-preview":"max-video-preview:-1"},"canonical":"https:\/\/eminy.online\/proizvod\/eminy-mini5-set-5-kom\/","og_locale":"en_US","og_type":"article","og_title":"EMINY MINI5 set (5 kom.)","og_description":"EMINY MINI5 set (5 kom.) EMINY perfume world","og_url":"https:\/\/eminy.online\/proizvod\/eminy-mini5-set-5-kom\/","og_site_name":"EMINY perfume world","article_publisher":"https:\/\/www.facebook.com\/vaseminy","article_modified_time":"2025-07-08T12:15:22+00:00","og_image":[{"width":1536,"height":2048,"url":"https:\/\/eminy.online\/wp-content\/uploads\/image8-1.jpeg","type":"image\/jpeg"}],"twitter_card":"summary_large_image","twitter_misc":{"Availability":"In stock"},"schema":{"@context":"https:\/\/schema.org","@graph":[{"@type":"WebPage","@id":"https:\/\/eminy.online\/proizvod\/eminy-mini5-set-5-kom\/","url":"https:\/\/eminy.online\/proizvod\/eminy-mini5-set-5-kom\/","name":"EMINY MINI5 set (5 kom.) - EMINY perfume world","isPartOf":{"@id":"https:\/\/eminy.online\/#website"},"datePublished":"2025-07-07T13:58:45+00:00","dateModified":"2025-07-08T12:15:22+00:00","description":"EMINY MINI5 set (5 kom.) EMINY perfume world","breadcrumb":{"@id":"https:\/\/eminy.online\/proizvod\/eminy-mini5-set-5-kom\/#breadcrumb"},"inLanguage":"en-US","potentialAction":[{"@type":"ReadAction","target":["https:\/\/eminy.online\/proizvod\/eminy-mini5-set-5-kom\/"]}]},{"@type":"BreadcrumbList","@id":"https:\/\/eminy.online\/proizvod\/eminy-mini5-set-5-kom\/#breadcrumb","itemListElement":[{"@type":"ListItem","position":1,"name":"Home","item":"https:\/\/eminy.online\/"},{"@type":"ListItem","position":2,"name":"Trgovina","item":"https:\/\/eminy.online\/trgovina\/"},{"@type":"ListItem","position":3,"name":"EMINY MINI5 set (5 kom.)"}]},{"@type":"WebSite","@id":"https:\/\/eminy.online\/#website","url":"https:\/\/eminy.online\/","name":"EMINY perfume world","description":"Luxury available to everyone","publisher":{"@id":"https:\/\/eminy.online\/#organization"},"potentialAction":[{"@type":"SearchAction","target":{"@type":"EntryPoint","urlTemplate":"https:\/\/eminy.online\/?s={search_term_string}"},"query-input":"required name=search_term_string"}],"inLanguage":"en-US"},{"@type":"Organization","@id":"https:\/\/eminy.online\/#organization","name":"EATAR RJE\u0160ENJA J.D.O.O.","url":"https:\/\/eminy.online\/","logo":{"@type":"ImageObject","inLanguage":"en-US","@id":"https:\/\/eminy.online\/#\/schema\/logo\/image\/","url":"https:\/\/eminy.online\/wp-content\/uploads\/eminyasset-1-1.svg","contentUrl":"https:\/\/eminy.online\/wp-content\/uploads\/eminyasset-1-1.svg","width":210,"height":158,"caption":"EATAR RJE\u0160ENJA J.D.O.O."},"image":{"@id":"https:\/\/eminy.online\/#\/schema\/logo\/image\/"},"sameAs":["https:\/\/www.facebook.com\/vaseminy","https:\/\/www.instagram.com\/eminy_parfemihr\/?igshid=YmMyMTA2M2Y="]}]},"og_availability":"instock","product_availability":"instock","product_condition":"new"},"_links":{"self":[{"href":"https:\/\/eminy.online\/en\/wp-json\/wp\/v2\/product\/54521983","targetHints":{"allow":["GET"]}}],"collection":[{"href":"https:\/\/eminy.online\/en\/wp-json\/wp\/v2\/product"}],"about":[{"href":"https:\/\/eminy.online\/en\/wp-json\/wp\/v2\/types\/product"}],"replies":[{"embeddable":true,"href":"https:\/\/eminy.online\/en\/wp-json\/wp\/v2\/comments?post=54521983"}],"wp:featuredmedia":[{"embeddable":true,"href":"https:\/\/eminy.online\/en\/wp-json\/wp\/v2\/media\/54521976"}],"wp:attachment":[{"href":"https:\/\/eminy.online\/en\/wp-json\/wp\/v2\/media?parent=54521983"}],"wp:term":[{"taxonomy":"product_cat","embeddable":true,"href":"https:\/\/eminy.online\/en\/wp-json\/wp\/v2\/product_cat?post=54521983"},{"taxonomy":"product_tag","embeddable":true,"href":"https:\/\/eminy.online\/en\/wp-json\/wp\/v2\/product_tag?post=54521983"}],"curies":[{"name":"wp","href":"https:\/\/api.w.org\/{rel}","templated":true}]}}